{"id":119,"date":"2025-09-25T05:08:18","date_gmt":"2025-09-25T03:08:18","guid":{"rendered":"https:\/\/leslawyers.desarrollo.itsangee.com\/?page_id=119"},"modified":"2026-03-24T21:55:26","modified_gmt":"2026-03-24T20:55:26","slug":"contact-us","status":"publish","type":"page","link":"http:\/\/leslawyers.desarrollo.itsangee.com\/en\/contact-us\/","title":{"rendered":"Contacto"},"content":{"rendered":"<div class=\"brz brz-root__container brz-reset-all brz-root__container-page\" >\n<section id=\"uo_lZkPoo1ST_uo_lZkPoo1ST\" class=\"brz-section brz-css-d-section brz-css-vlmkfl\">\n<div class=\"brz-section__content brz-section--boxed brz-css-d-sectionitem-bg brz-css-o6eryl\" data-brz-custom-id=\"pD87rlyWe2jG\">\n<div class=\"brz-bg\">\n<div class=\"brz-bg-image\"><\/div>\n<div class=\"brz-bg-color\"><\/div>\n<\/div>\n<div class=\"brz-container brz-css-d-sectionitem-container brz-css-1fbkieg\">\n<div id=\"\" data-brz-iteration-count=\"1\" class=\"brz-css-d-wrapper brz-css-ioasza brz-wrapper brz-animated brz-css-d-wrapper-animation-fadeindown-900-0-false brz-css-1qis7ql\" data-animationid=\"iIxzXH1ujO4R\">\n<div class=\"brz-rich-text brz-rich-text__custom brz-css-d-richtext brz-css-vclbc8\" data-brz-custom-id=\"rWxtRoEQBE6V\">\n<div data-brz-translate-text=\"1\">\n<h1 class=\"brz-fs-xs-50 brz-tp-lg-heading1 brz-text-lg-center brz-css-bKI_G\" data-generated-css=\"brz-css-vTY6U\" data-uniq-id=\"pHyBp\"><span style=\"color: rgba(var(--brz-global-color8),1); text-shadow: rgba(var(--brz-global-color2),1) 1px 2px 4px;\" class=\"brz-cp-color8 brz-scp-color2\">Cont\u00e1ctanos<\/span><\/h1>\n<\/div>\n<\/div>\n<\/div>\n<div id=\"\" data-brz-iteration-count=\"1\" class=\"brz-css-d-wrapper brz-css-arjx4h brz-wrapper brz-animated brz-css-d-wrapper-animation-fadeinup-900-0-false brz-css-rx0uuk\" data-animationid=\"xUTiwgAKiWcs\">\n<div class=\"brz-rich-text brz-rich-text__custom brz-css-d-richtext brz-css-xh9hk6\" data-brz-custom-id=\"wa_okTBoe6bT\">\n<div data-brz-translate-text=\"1\">\n<p class=\"brz-fsft-lg-0 brz-fwdth-lg-100 brz-vfw-lg-400 brz-lh-lg-1_5 brz-ls-lg-1_1 brz-fw-lg-700 brz-fss-lg-px brz-fs-lg-13 brz-ft-google brz-ff-overpass brz-tp-lg-empty brz-text-lg-center brz-fs-xs-18 brz-css-s17lb\" data-uniq-id=\"lhzWw\" data-generated-css=\"brz-css-p863x\"><span class=\"brz-uppercase-true brz-capitalize-on brz-cp-color8 brz-scp-color2\" style=\"color: rgba(var(--brz-global-color8),1); text-shadow: rgba(var(--brz-global-color2),1) 1px 2px 4px;\">Tu soluci\u00f3n legal empieza con una conversaci\u00f3n<\/span><\/p>\n<\/div>\n<\/div>\n<\/div>\n<div id=\"\" class=\"brz-css-d-wrapper brz-css-r-wrapper brz-css-6q96iv brz-wrapper\">\n<div class=\"brz-spacer brz-css-d-spacer brz-css-18bai88\"><\/div>\n<\/div>\n<\/div>\n<\/div>\n<\/section>\n<section id=\"hXgiV7zu1dVp_hXgiV7zu1dVp\" class=\"brz-section brz-css-d-section brz-css-rnikds\">\n<div class=\"brz-section__content brz-section--boxed brz-css-d-sectionitem-bg brz-css-zplkrq\" data-brz-custom-id=\"ftShD2zH52G8\">\n<div class=\"brz-bg\">\n<div class=\"brz-bg-color\"><\/div>\n<\/div>\n<div class=\"brz-container brz-css-d-sectionitem-container brz-css-71ol60\">\n<div id=\"\" class=\"brz-css-d-wrapper brz-css-vtxkd9 brz-wrapper\">\n<div class=\"brz-rich-text brz-rich-text__custom brz-css-d-richtext brz-css-gg00jv\" data-brz-custom-id=\"s6xNxhiXCoOj\">\n<div data-brz-translate-text=\"1\">\n<h2 data-uniq-id=\"x7SuX\" data-generated-css=\"brz-css-hiFdz\" class=\"brz-tp-lg-heading2 brz-text-lg-center brz-css-oO6oE\"><span style=\"color: rgba(var(--brz-global-color1),1);\" class=\"brz-cp-color1\">Cont\u00e1ctanos<\/span><\/h2>\n<\/div>\n<\/div>\n<\/div>\n<div id=\"\" class=\"brz-css-d-wrapper brz-css-r-wrapper brz-css-1djlxx5 brz-wrapper\">\n<div class=\"brz-spacer brz-css-d-spacer brz-css-80778t\"><\/div>\n<\/div>\n<div id=\"\" class=\"brz-css-d-wrapper brz-css-1yhjhuu brz-wrapper\">\n<div data-brz-form-version=\"2\" class=\"brz-forms2 brz-css-d-form2-form brz-css-5bv3cl\" data-brz-custom-id=\"wXCsdyjHnoYv\">\n<form class=\"brz-form brz-d-xs-flex brz-flex-xs-wrap\" novalidate=\"\" action=\"http:\/\/leslawyers.desarrollo.itsangee.com\/wp-admin\/admin-ajax.php?nonce=312932acf3&amp;action=brizy_submit_form\" data-brz-form-id=\"wXCsdyjHnoYv\" data-brz-project-id=\"cb51ac494fcf3142ec8d9c59bdeb742b\" data-brz-success=\"Your email was sent successfully\" data-brz-error=\"Your email was not sent\" data-brz-redirect=\"\" data-brz-empty=\"Please fill in the required fields\" data-brz-form-type=\"default\" data-brz-translatable-default-success=\"Your email was sent successfully\" data-brz-translatable-default-error=\"Your email was not sent\" data-brz-translatable-default-empty=\"Please fill in the required fields\" data-brz-translatable-default-invalid=\"Please check your entry and try again\" data-brz-translatable-default-invalid-email=\"Please enter a valid email address (e.g., name@example.com)\">\n<div data-brz-translate-text=\"1\" class=\"brz-forms2__item brz-css-d-form2fields-fields brz-css-zuhebh brz-css-d-form2field-field brz-css-102mx28\"><input type=\"text\" id=\"tzbDnyYcNnwf_00d5a71e2a40121ae1b4\" name=\"psxtvIHpP4XM\" placeholder=\"Nombre\" required=\"\" data-brz-type=\"Text\" data-brz-label=\"Nombre\" data-brz-placeholder=\"Nombre\" class=\"brz-input brz-forms2__field brz-forms2__field-text\" value=\"\"><\/div>\n<div data-brz-translate-text=\"1\" class=\"brz-forms2__item brz-css-d-form2fields-fields brz-css-zuhebh brz-css-d-form2field-field brz-css-161nzfn\"><input type=\"text\" id=\"eSmFL89StgPm_d60ec48fa889c6f131e5\" name=\"iRsmmDmbp2Jj\" placeholder=\"Apellido\" required=\"\" data-brz-type=\"Text\" data-brz-label=\"Apellido\" data-brz-placeholder=\"Apellido\" class=\"brz-input brz-forms2__field brz-forms2__field-text\" value=\"\"><\/div>\n<div data-brz-translate-text=\"1\" class=\"brz-forms2__item brz-css-d-form2fields-fields brz-css-zuhebh brz-css-d-form2field-field brz-css-1u2nkpc\"><input type=\"email\" id=\"g1XAmvLiCwuH_6d0b5960f74e4c183153\" name=\"sWkmpWPAPvPU\" placeholder=\"Correo\" required=\"\" pattern=\"%5E((%5B%5E%3C%3E%5C(%5C)%5C%5B%5C%5D%5C%5C.,;:%5Cs@%22%5D+(%5C.%5B%5E%3C%3E%5C(%5C)%5C%5B%5C%5D%5C%5C.,;:%5Cs@%22%5D+)*)%7C(%22.+%22))@((%5C%5B%5B0-9%5D%7B1,3%7D%5C.%5B0-9%5D%7B1,3%7D%5C.%5B0-9%5D%7B1,3%7D%5C.%5B0-9%5D%7B1,3%7D%5C%5D)%7C((%5Ba-zA-Z%5C-0-9%5D+%5C.)+%5Ba-zA-Z%5D%7B2,%7D))$\" data-brz-type=\"Email\" data-brz-label=\"Correo\" data-brz-placeholder=\"Correo\" maxlength=\"255\" class=\"brz-input brz-forms2__field brz-forms2__field-email\" value=\"\"><\/div>\n<div data-brz-translate-text=\"1\" class=\"brz-forms2__item brz-css-d-form2fields-fields brz-css-zuhebh brz-css-d-form2field-field brz-css-pdjstz\"><input type=\"tel\" id=\"nqOTyVEYhcNG_7eda70267413e1205037\" name=\"goWA38FiWzVM\" placeholder=\"Tel\u00e9fono\" required=\"\" pattern=\"%5B0-9()#&amp;+*-=.%5D+\" data-brz-type=\"Tel\" data-brz-label=\"Tel\u00e9fono\" data-brz-placeholder=\"Tel\u00e9fono\" class=\"brz-input brz-forms2__field brz-forms2__field-tel\" value=\"\"><\/div>\n<div data-brz-translate-text=\"1\" class=\"brz-forms2__item brz-css-d-form2fields-fields brz-css-zuhebh brz-css-d-form2field-field brz-css-1lv18t6\"><input type=\"text\" id=\"yab_dHqVjkJB_0d6444784f3e0784bac6\" name=\"yIhMbUc6kV5D\" placeholder=\"Asunto\" required=\"\" data-brz-type=\"Text\" data-brz-label=\"Asunto\" data-brz-placeholder=\"Asunto\" class=\"brz-input brz-forms2__field brz-forms2__field-text\" value=\"\"><\/div>\n<div data-brz-translate-text=\"1\" class=\"brz-forms2__item brz-css-d-form2fields-fields brz-css-zuhebh brz-css-d-form2field-field brz-css-1t6pee0\"><textarea id=\"lxKlXcCZZQfP_d398ea0b4a6080dac96d\" name=\"wuM1LT_oW6dO\" placeholder=\"Mensaje\" data-brz-type=\"Paragraph\" data-brz-label=\"Mensaje\" data-brz-placeholder=\"Mensaje\" class=\"brz-textarea brz-forms2__field brz-forms2__field-paragraph\"><\/textarea><\/div>\n<div class=\"brz-forms2 brz-forms2__item brz-forms2__item-button\" data-brz-custom-id=\"wXCsdyjHnoYv\"><button class=\"brz-btn brz-btn-submit brz-css-d-button-bg brz-css-k2uyfr\" data-brz-custom-id=\"r57VhT33tzMK\"><span data-brz-translate-text=\"1\" class=\"brz-span brz-text__editor\">ENVIAR<\/span><\/button><svg class=\"brz-icon-svg align-[initial] brz-form-spinner brz-invisible brz-ed-animated--spin\"><use href=\"\/wp-content\/plugins\/brizy\/public\/editor-build\/prod\/editor\/icons\/glyph\/circle-02.svg#nc_icon\"><\/use><\/svg><\/div>\n<div class=\"brz-forms2__messages brz-css-d-form2-messages\"><\/div>\n<div class=\"brz-g-recaptcha\" data-sitekey=\"\" data-size=\"invisible\" data-callback=\"brzFormV2Captcha\"><\/div>\n<\/form>\n<\/div>\n<\/div>\n<\/div>\n<\/div>\n<\/section>\n<section id=\"f3dK4rwhd9j2_f3dK4rwhd9j2\" class=\"brz-section brz-css-d-section brz-css-8n1gja\">\n<div class=\"brz-section__content brz-section--boxed brz-css-d-sectionitem-bg brz-css-7uh0uc\" data-brz-custom-id=\"rezcqV5G7nmg\">\n<div class=\"brz-container brz-css-d-sectionitem-container brz-css-ua76pe\">\n<div class=\"brz-row__container brz-css-d-row-row brz-css-bfimab\" data-brz-custom-id=\"xcIq1wrXhdIS\">\n<div class=\"brz-row brz-css-d-row-container brz-css-r-row-container brz-css-1lpp3dt\">\n<div class=\"brz-columns brz-css-d-column-column brz-css-1d5sq5c\" data-brz-custom-id=\"dzibA9uuiWlc\">\n<div class=\"brz-column__items brz-css-d-column-bg brz-css-sk44e6\">\n<div id=\"\" class=\"brz-css-d-wrapper brz-css-cswcfq brz-wrapper\">\n<div class=\"brz-line brz-line-default brz-css-d-line brz-css-1oxn2a1\" data-brz-custom-id=\"o7yuW6WiXokw\">\n<hr class=\"brz-hr\"><\/div>\n<\/div>\n<\/div>\n<\/div>\n<div class=\"brz-columns brz-css-d-column-column brz-css-5mglxb\" data-brz-custom-id=\"gbW43sYeNTjz\">\n<div class=\"brz-column__items brz-css-d-column-bg brz-css-cc07l2\">\n<div id=\"\" class=\"brz-css-d-wrapper brz-css-yp8lfz brz-wrapper\">\n<div class=\"brz-line brz-line-default brz-css-d-line brz-css-ai1grf\" data-brz-custom-id=\"erN2bLAETelf\">\n<hr class=\"brz-hr\"><\/div>\n<\/div>\n<\/div>\n<\/div>\n<\/div>\n<\/div>\n<div id=\"\" class=\"brz-css-d-wrapper brz-css-r-wrapper brz-css-rs62c7 brz-wrapper\">\n<div class=\"brz-spacer brz-css-d-spacer brz-css-6j763b\"><\/div>\n<\/div>\n<div class=\"brz-row__container brz-css-d-row-row brz-css-yuve47\" data-brz-custom-id=\"dVJ8RJ1WPHy0\">\n<div class=\"brz-row brz-css-d-row-container brz-css-r-row-container brz-css-1ejo9un\">\n<div class=\"brz-columns brz-css-d-column-column brz-css-sampg2\" data-brz-custom-id=\"k1razd8Tr3tn\">\n<div class=\"brz-bg\"><\/div>\n<div class=\"brz-column__items brz-css-d-column-bg brz-css-593yeb\">\n<div class=\"brz-wrapper-clone brz-flex-xs-wrap brz-css-d-cloneable brz-css-rkfjog\" data-brz-custom-id=\"n63pwenQzbew\">\n<div class=\"brz-icon__container\" data-brz-custom-id=\"y3dOvqi64kFq\"><span class=\"brz-icon brz-span brz-css-d-icon-icon brz-css-k2iznd\"><svg class=\"brz-icon-svg align-[initial]\"><use href=\"\/wp-content\/plugins\/brizy\/public\/editor-build\/prod\/editor\/icons\/outline\/newsletter.svg#nc_icon\"><\/use><\/svg><\/span><\/div>\n<\/div>\n<div id=\"\" class=\"brz-css-d-wrapper brz-css-1xrjsdy brz-wrapper\">\n<div class=\"brz-rich-text brz-rich-text__custom brz-css-d-richtext brz-css-1g63irp\" data-brz-custom-id=\"e7TiIM32hOEu\">\n<div data-brz-translate-text=\"1\">\n<p class=\"brz-fsft-xs-0 brz-fwdth-xs-100 brz-vfw-xs-400 brz-lh-xs-1_4 brz-ls-xs-0 brz-fw-xs-700 brz-fss-xs-px brz-fs-xs-18 brz-tp-xs-empty brz-tp-lg-heading4 brz-text-lg-center brz-css-huPNm\" data-uniq-id=\"t4Xyi\" data-generated-css=\"brz-css-m9V5o\"><span class=\"brz-cp-color1\">Correo Electr\u00f3nico<\/span><\/p>\n<\/div>\n<\/div>\n<\/div>\n<div id=\"\" class=\"brz-css-d-wrapper brz-css-uw3gw brz-wrapper\">\n<div class=\"brz-rich-text brz-rich-text__custom brz-css-d-richtext brz-css-sq6z8n\" data-brz-custom-id=\"hRpZeHGjvjm0\">\n<div data-brz-translate-text=\"1\">\n<p class=\"brz-text-lg-center brz-tp-lg-paragraph brz-tp-xs-empty brz-fs-xs-14 brz-fss-xs-px brz-fw-xs-400 brz-ls-xs-0 brz-lh-xs-1_6 brz-vfw-xs-400 brz-fwdth-xs-100 brz-fsft-xs-0 brz-css-nK_Zl\" data-generated-css=\"brz-css-y0MR1\" data-uniq-id=\"vAWj_\"><span class=\"brz-cp-color2\" style=\"color: rgba(var(--brz-global-color2),0.8);\">les@leslawyers.com<\/span><\/p>\n<\/div>\n<\/div>\n<\/div>\n<\/div>\n<\/div>\n<div class=\"brz-columns brz-css-d-column-column brz-css-1pg78xz\" data-brz-custom-id=\"fHBQOsSDmY9U\">\n<div class=\"brz-bg\"><\/div>\n<div class=\"brz-column__items brz-css-d-column-bg brz-css-csxs0n\">\n<div class=\"brz-wrapper-clone brz-flex-xs-wrap brz-css-d-cloneable brz-css-1ghlfux\" data-brz-custom-id=\"r4ZjUjLx6Vxr\">\n<div class=\"brz-icon__container\" data-brz-custom-id=\"vCtAV3WmOQMR\"><span class=\"brz-icon brz-span brz-css-d-icon-icon brz-css-awv1zg\"><svg class=\"brz-icon-svg align-[initial]\"><use href=\"\/wp-content\/plugins\/brizy\/public\/editor-build\/prod\/editor\/icons\/outline\/phone-2.svg#nc_icon\"><\/use><\/svg><\/span><\/div>\n<\/div>\n<div id=\"\" class=\"brz-css-d-wrapper brz-css-9pmfy6 brz-wrapper\">\n<div class=\"brz-rich-text brz-rich-text__custom brz-css-d-richtext brz-css-16hdep9\" data-brz-custom-id=\"bhBMkIOnc1YG\">\n<div data-brz-translate-text=\"1\">\n<p class=\"brz-fsft-xs-0 brz-fwdth-xs-100 brz-vfw-xs-400 brz-lh-xs-1_4 brz-ls-xs-0 brz-fw-xs-700 brz-fss-xs-px brz-fs-xs-18 brz-tp-xs-empty brz-tp-lg-heading4 brz-text-lg-center brz-css-qCC6T\" data-uniq-id=\"aVFE4\" data-generated-css=\"brz-css-rvNMY\"><span class=\"brz-cp-color1\">Tel\u00e9fonos<\/span><\/p>\n<\/div>\n<\/div>\n<\/div>\n<div id=\"\" class=\"brz-css-d-wrapper brz-css-1x9sjqr brz-wrapper\">\n<div class=\"brz-rich-text brz-rich-text__custom brz-css-d-richtext brz-css-evejz7\" data-brz-custom-id=\"tL6s0KZkGGzX\">\n<div data-brz-translate-text=\"1\">\n<p class=\"brz-text-lg-center brz-tp-lg-paragraph brz-tp-xs-empty brz-fs-xs-14 brz-fss-xs-px brz-fw-xs-400 brz-ls-xs-0 brz-lh-xs-1_6 brz-vfw-xs-400 brz-fwdth-xs-100 brz-fsft-xs-0 brz-css-sb331\" data-generated-css=\"brz-css-e0Tp_\" data-uniq-id=\"qIGW3\"><span style=\"color: rgba(var(--brz-global-color2),0.8);\" class=\"brz-cp-color2\">+507 239-1819 \/&nbsp;+507 312-2147<\/span><\/p>\n<\/div>\n<\/div>\n<\/div>\n<\/div>\n<\/div>\n<div class=\"brz-columns brz-css-d-column-column brz-css-11epysu\" data-brz-custom-id=\"npnTcM5_RH6h\">\n<div class=\"brz-bg\"><\/div>\n<div class=\"brz-column__items brz-css-d-column-bg brz-css-1acxbco\">\n<div class=\"brz-wrapper-clone brz-flex-xs-wrap brz-css-d-cloneable brz-css-25xxvg\" data-brz-custom-id=\"qlwdYAL3Inag\">\n<div class=\"brz-icon__container\" data-brz-custom-id=\"yn4Gn3HpQ5jF\"><span class=\"brz-icon brz-span brz-css-d-icon-icon brz-css-1p2b7g7\"><svg class=\"brz-icon-svg align-[initial]\"><use href=\"\/wp-content\/plugins\/brizy\/public\/editor-build\/prod\/editor\/icons\/outline\/map-pin.svg#nc_icon\"><\/use><\/svg><\/span><\/div>\n<\/div>\n<div id=\"\" class=\"brz-css-d-wrapper brz-css-1mp9uxq brz-wrapper\">\n<div class=\"brz-rich-text brz-rich-text__custom brz-css-d-richtext brz-css-1r9fq97\" data-brz-custom-id=\"cz0DQmPZH16V\">\n<div data-brz-translate-text=\"1\">\n<p class=\"brz-tp-lg-heading4 brz-text-lg-center brz-fss-xs-px brz-fw-xs-700 brz-ls-xs-0 brz-lh-xs-1_4 brz-vfw-xs-400 brz-fwdth-xs-100 brz-fsft-xs-0 brz-tp-xs-empty brz-fs-xs-18 brz-css-d92JU\" data-generated-css=\"brz-css-tklyp\" data-uniq-id=\"vqaW7\"><span class=\"brz-cp-color1\">Direcci\u00f3n<\/span><\/p>\n<\/div>\n<\/div>\n<\/div>\n<div id=\"\" class=\"brz-css-d-wrapper brz-css-iorbkg brz-wrapper\">\n<div class=\"brz-rich-text brz-rich-text__custom brz-css-d-richtext brz-css-1cokskx\" data-brz-custom-id=\"k8AIYoOQBFS8\">\n<div data-brz-translate-text=\"1\">\n<p class=\"brz-text-lg-center brz-tp-lg-paragraph brz-tp-xs-empty brz-fs-xs-14 brz-fss-xs-px brz-fw-xs-400 brz-ls-xs-0 brz-lh-xs-1_6 brz-vfw-xs-400 brz-fwdth-xs-100 brz-fsft-xs-0 brz-css-pyjcO\" data-generated-css=\"brz-css-sJ0ec\" data-uniq-id=\"ghNBk\"><span style=\"color: rgba(var(--brz-global-color2),0.8);\" class=\"brz-cp-color2\">Santa Maria Business District<\/span><\/p>\n<p class=\"brz-tp-lg-paragraph brz-text-lg-center brz-tp-xs-empty brz-fs-xs-13 brz-fss-xs-px brz-fw-xs-400 brz-ls-xs-0 brz-lh-xs-1_6 brz-vfw-xs-400 brz-fwdth-xs-100 brz-fsft-xs-0 brz-css-am6jo\" data-generated-css=\"brz-css-muL36\" data-uniq-id=\"xTugk\"><span style=\"color: rgba(var(--brz-global-color2),0.8);\" class=\"brz-cp-color2\">Office Plex 71<\/span><\/p>\n<p class=\"brz-text-lg-center brz-tp-lg-paragraph brz-tp-xs-empty brz-fs-xs-14 brz-fss-xs-px brz-fw-xs-400 brz-ls-xs-0 brz-lh-xs-1_6 brz-vfw-xs-400 brz-fwdth-xs-100 brz-fsft-xs-0 brz-css-qzwGv\" data-generated-css=\"brz-css-tYAyY\" data-uniq-id=\"sNDLc\"><span style=\"color: rgba(var(--brz-global-color2),0.8);\" class=\"brz-cp-color2\">Piso 6 | Oficina 605 <\/span><\/p>\n<\/div>\n<\/div>\n<\/div>\n<\/div>\n<\/div>\n<div class=\"brz-columns brz-css-d-column-column brz-css-h96c85\" data-brz-custom-id=\"w36GfDbfleuy\">\n<div class=\"brz-column__items brz-css-d-column-bg brz-css-1585tpb\">\n<div class=\"brz-wrapper-clone brz-flex-xs-wrap brz-css-d-cloneable brz-css-1sodkm6\" data-brz-custom-id=\"iClQhAaqZ4sc\">\n<div class=\"brz-icon__container\" data-brz-custom-id=\"kBVqrNtZ7Oo9\"><span class=\"brz-icon brz-span brz-css-d-icon-icon brz-css-1vyvmep\"><svg class=\"brz-icon-svg align-[initial]\"><use href=\"\/wp-content\/plugins\/brizy\/public\/editor-build\/prod\/editor\/icons\/outline\/time-clock.svg#nc_icon\"><\/use><\/svg><\/span><\/div>\n<\/div>\n<div id=\"\" class=\"brz-css-d-wrapper brz-css-18h039s brz-wrapper\">\n<div class=\"brz-rich-text brz-rich-text__custom brz-css-d-richtext brz-css-jef4o1\" data-brz-custom-id=\"mKmnHYs8Fjba\">\n<div data-brz-translate-text=\"1\">\n<p class=\"brz-fs-xs-25 brz-text-lg-center brz-tp-lg-heading4 brz-css-rwo8C\" data-uniq-id=\"cJ3gU\" data-generated-css=\"brz-css-dWu59\"><span class=\"brz-cp-color1\">Horario<\/span><\/p>\n<\/div>\n<\/div>\n<\/div>\n<div id=\"\" class=\"brz-css-d-wrapper brz-css-4vbtwy brz-wrapper\">\n<div class=\"brz-rich-text brz-rich-text__custom brz-css-d-richtext brz-css-1huaj95\" data-brz-custom-id=\"o6GPXZkIOgc6\">\n<div data-brz-translate-text=\"1\">\n<p class=\"brz-text-lg-center brz-tp-lg-paragraph brz-fs-xs-17 brz-css-cxE0Y\" data-generated-css=\"brz-css-sXjxM,brz-css-luFBO,brz-css-yZfz5,brz-css-k8QbZ,brz-css-bvuGn,brz-css-t5eCw\" data-uniq-id=\"tLibV,o4Yeg,dxSuo,vk4I8,gYcDo,iAlXa\"><span class=\"brz-cp-color2\" style=\"color: rgba(var(--brz-global-color2),0.8);\">Lunes a viernes<\/span><\/p>\n<p class=\"brz-text-lg-center brz-tp-lg-paragraph brz-fs-xs-17 brz-css-vhTp5\" data-generated-css=\"brz-css-t5eCw\" data-uniq-id=\"iAlXa\"><span class=\"brz-cp-color2\" style=\"color: rgba(var(--brz-global-color2),0.8);\">08:00am&nbsp;a 6:00pm<\/span><\/p>\n<\/div>\n<\/div>\n<\/div>\n<div id=\"\" class=\"brz-css-d-wrapper brz-css-l3in1x brz-wrapper\">\n<div class=\"brz-rich-text brz-rich-text__custom brz-css-d-richtext brz-css-p9f0ra\" data-brz-custom-id=\"qx6mZOF8MGaa\">\n<div data-brz-translate-text=\"1\">\n<p data-uniq-id=\"b5oIk\" data-generated-css=\"brz-css-ttac1\" class=\"brz-text-lg-center brz-tp-lg-empty brz-ff-overpass brz-ft-google brz-fs-lg-15 brz-fss-lg-px brz-fw-lg-400 brz-ls-lg-0 brz-lh-lg-1_5 brz-vfw-lg-400 brz-fwdth-lg-100 brz-fsft-lg-0 brz-css-sjp_c\"><em class=\"brz-cp-color2 brz-italic-true\" style=\"color: rgba(var(--brz-global-color2),1);\">Fuera de este horario escribir al WhatsApp<\/em><\/p>\n<\/div>\n<\/div>\n<\/div>\n<\/div>\n<\/div>\n<\/div>\n<\/div>\n<div id=\"\" class=\"brz-css-d-wrapper brz-css-r-wrapper brz-css-j6knpc brz-wrapper\">\n<div class=\"brz-spacer brz-css-d-spacer brz-css-1lqtgm2\"><\/div>\n<\/div>\n<div class=\"brz-row__container brz-css-d-row-row brz-css-pyav13\" data-brz-custom-id=\"r5lpdnTVRQ2W\">\n<div class=\"brz-row brz-css-d-row-container brz-css-r-row-container brz-css-ulkvzw\">\n<div class=\"brz-columns brz-css-d-column-column brz-css-1qba780\" data-brz-custom-id=\"qlwcibmQmnJI\">\n<div class=\"brz-column__items brz-css-d-column-bg brz-css-1i0dq5w\">\n<div id=\"\" class=\"brz-css-d-wrapper brz-css-10hh1eh brz-wrapper\">\n<div class=\"brz-line brz-line-default brz-css-d-line brz-css-94arku\" data-brz-custom-id=\"z_1SvDTgfnTD\">\n<hr class=\"brz-hr\"><\/div>\n<\/div>\n<\/div>\n<\/div>\n<div class=\"brz-columns brz-css-d-column-column brz-css-1vnp8hl\" data-brz-custom-id=\"f5pGnBTA5fnH\">\n<div class=\"brz-column__items brz-css-d-column-bg brz-css-1tjbxoh\">\n<div id=\"\" class=\"brz-css-d-wrapper brz-css-4zpiel brz-wrapper\">\n<div class=\"brz-line brz-line-default brz-css-d-line brz-css-48m36v\" data-brz-custom-id=\"bUiSXmAtbelw\">\n<hr class=\"brz-hr\"><\/div>\n<\/div>\n<\/div>\n<\/div>\n<\/div>\n<\/div>\n<\/div>\n<\/div>\n<\/section>\n<section id=\"mNfQIWO7wRz__mNfQIWO7wRz_\" class=\"brz-section brz-css-d-section brz-css-1eqyr40\">\n<div class=\"brz-section__content brz-section--fullWidth brz-css-d-sectionitem-bg brz-css-tv7ydp\" data-brz-custom-id=\"dD7iKAOldMa5\">\n<div class=\"brz-bg\">\n<div class=\"brz-bg-color\"><\/div>\n<\/div>\n<div class=\"brz-container brz-css-d-sectionitem-container brz-css-d4an79\">\n<div id=\"\" class=\"brz-css-d-wrapper brz-css-1hvojjy brz-wrapper\">\n<div class=\"brz-map brz-map_styles brz-css-d-map brz-css-y67029\" data-brz-custom-id=\"tmvYFlwWPozo\">\n<div class=\"brz-ui-ed-map-content\"><iframe class=\"intrinsic-ignore brz-ui-ed-iframe\" src=\"https:\/\/www.google.com\/maps\/embed\/v1\/place?key=AIzaSyCcywKcxXeMZiMwLDcLgyEnNglcLOyB_qw&amp;q=Santa Maria Business District  Office Plex 71&amp;zoom=15\" title=\"map\"><\/iframe><\/div>\n<\/div>\n<\/div>\n<\/div>\n<\/div>\n<\/section><\/div>\n<p><!-- version:1773955201 --><\/p>\n","protected":false},"excerpt":{"rendered":"<p>Cont\u00e1ctanos Tu soluci\u00f3n legal empieza con una conversaci\u00f3n Cont\u00e1ctanos ENVIAR Correo Electr\u00f3nico les@leslawyers.com Tel\u00e9fonos +507 239-1819 \/&nbsp;+507 312-2147 Direcci\u00f3n Santa Maria Business District Office Plex 71 Piso 6 | Oficina 605 Horario Lunes a viernes 08:00am&nbsp;a 6:00pm Fuera de este horario escribir al WhatsApp<\/p>","protected":false},"author":1,"featured_media":0,"parent":0,"menu_order":0,"comment_status":"closed","ping_status":"closed","template":"brizy-blank-template.php","meta":{"footnotes":""},"class_list":["post-119","page","type-page","status-publish","hentry"],"blocksy_meta":[],"brizy_media":[{"id":565,"url":"http:\/\/leslawyers.desarrollo.itsangee.com\/wp-content\/uploads\/2025\/11\/depositphotos_164489690-stock-ph.webp","name":"depositphotos_164489690-stock-ph.webp","meta":{"brizy_attachment_uid":"wp-f65083dd4d28e7d1bac9b3daad63f2b3.webp","brizy_post_uid":["2c06ad6eb66509127d1addb2a0fe65a7","c9ee08ad9c96ba5f53239340c08d2404"]}},{"id":566,"url":"http:\/\/leslawyers.desarrollo.itsangee.com\/wp-content\/uploads\/2025\/11\/36bf56ae250d90ebfbf21c0d3a92e933.webp","name":"36bf56ae250d90ebfbf21c0d3a92e933.webp","meta":{"brizy_attachment_uid":"wp-929c10ebc7e453fde37fe061da0a8718.webp","brizy_post_uid":["2c06ad6eb66509127d1addb2a0fe65a7"]}},{"id":707,"url":"http:\/\/leslawyers.desarrollo.itsangee.com\/wp-content\/uploads\/2026\/03\/contacto.webp","name":"contacto.webp","meta":{"brizy_attachment_uid":"wp-3e02a82dbd31a2e687e1628e1d9182b1.webp","brizy_post_uid":["2c06ad6eb66509127d1addb2a0fe65a7"]}},{"id":720,"url":"http:\/\/leslawyers.desarrollo.itsangee.com\/wp-content\/uploads\/2026\/03\/Recepcion-scaled-1.webp","name":"Recepcion-scaled-1.webp","meta":{"brizy_attachment_uid":"wp-a0569a194698b9ba742e1cd38528d788.webp","brizy_post_uid":["2c06ad6eb66509127d1addb2a0fe65a7"]}},{"id":724,"url":"http:\/\/leslawyers.desarrollo.itsangee.com\/wp-content\/uploads\/2026\/03\/b60dd80b-2d78-077e-7dea-620cc394.webp","name":"b60dd80b-2d78-077e-7dea-620cc394.webp","meta":{"brizy_attachment_uid":"wp-bbde5a73c129cc3026b00f40556537fc.webp","brizy_post_uid":["2c06ad6eb66509127d1addb2a0fe65a7"]}},{"id":725,"url":"http:\/\/leslawyers.desarrollo.itsangee.com\/wp-content\/uploads\/2026\/03\/img_4997.webp","name":"img_4997.webp","meta":{"brizy_attachment_uid":"wp-037a0d94e3826e093803c4e611e562b4.webp","brizy_post_uid":["2c06ad6eb66509127d1addb2a0fe65a7"]}},{"id":728,"url":"http:\/\/leslawyers.desarrollo.itsangee.com\/wp-content\/uploads\/2026\/03\/46a3a7405d3094c7168579da5e177dea.webp","name":"46a3a7405d3094c7168579da5e177dea.webp","meta":{"brizy_attachment_uid":"wp-321b02d9dc9de94fb41baba0761a7c5d.webp","brizy_post_uid":["2c06ad6eb66509127d1addb2a0fe65a7"]}},{"id":733,"url":"http:\/\/leslawyers.desarrollo.itsangee.com\/wp-content\/uploads\/2026\/03\/Fachada-3-scaled-1.webp","name":"Fachada-3-scaled-1.webp","meta":{"brizy_attachment_uid":"wp-db49bfd8d93a1fb3f3e23336168a7ea7.webp","brizy_post_uid":["2c06ad6eb66509127d1addb2a0fe65a7"]}},{"id":736,"url":"http:\/\/leslawyers.desarrollo.itsangee.com\/wp-content\/uploads\/2026\/03\/Fachada-scaled-1.webp","name":"Fachada-scaled-1.webp","meta":{"brizy_attachment_uid":"wp-d565755f5089a473fadc09547f45e926.webp","brizy_post_uid":["2c06ad6eb66509127d1addb2a0fe65a7"]}},{"id":836,"url":"http:\/\/leslawyers.desarrollo.itsangee.com\/wp-content\/uploads\/2026\/03\/contact.webp","name":"contact.webp","meta":{"brizy_attachment_uid":"wp-3a98c253b49023e32c9d878b4fc96c6f.webp","brizy_post_uid":["2c06ad6eb66509127d1addb2a0fe65a7"]}},{"id":866,"url":"http:\/\/leslawyers.desarrollo.itsangee.com\/wp-content\/uploads\/2026\/03\/Fachada-2-768x1024-1.webp","name":"Fachada-2-768x1024-1.webp","meta":{"brizy_attachment_uid":"wp-bb4528f951a61632163717493d7c1a5d.webp","brizy_post_uid":["2c06ad6eb66509127d1addb2a0fe65a7"]}},{"id":869,"url":"http:\/\/leslawyers.desarrollo.itsangee.com\/wp-content\/uploads\/2026\/03\/aiease_1773953711483.jpg.webp","name":"aiease_1773953711483.jpg.webp","meta":{"brizy_attachment_uid":"wp-525371b50f76a3a8332eb8406b18d9b5.webp","brizy_post_uid":["2c06ad6eb66509127d1addb2a0fe65a7"]}}],"_links":{"self":[{"href":"http:\/\/leslawyers.desarrollo.itsangee.com\/en\/wp-json\/wp\/v2\/pages\/119","targetHints":{"allow":["GET"]}}],"collection":[{"href":"http:\/\/leslawyers.desarrollo.itsangee.com\/en\/wp-json\/wp\/v2\/pages"}],"about":[{"href":"http:\/\/leslawyers.desarrollo.itsangee.com\/en\/wp-json\/wp\/v2\/types\/page"}],"author":[{"embeddable":true,"href":"http:\/\/leslawyers.desarrollo.itsangee.com\/en\/wp-json\/wp\/v2\/users\/1"}],"replies":[{"embeddable":true,"href":"http:\/\/leslawyers.desarrollo.itsangee.com\/en\/wp-json\/wp\/v2\/comments?post=119"}],"version-history":[{"count":29,"href":"http:\/\/leslawyers.desarrollo.itsangee.com\/en\/wp-json\/wp\/v2\/pages\/119\/revisions"}],"predecessor-version":[{"id":877,"href":"http:\/\/leslawyers.desarrollo.itsangee.com\/en\/wp-json\/wp\/v2\/pages\/119\/revisions\/877"}],"wp:attachment":[{"href":"http:\/\/leslawyers.desarrollo.itsangee.com\/en\/wp-json\/wp\/v2\/media?parent=119"}],"curies":[{"name":"wp","href":"https:\/\/api.w.org\/{rel}","templated":true}]}}