{"id":35,"date":"2025-09-24T19:54:46","date_gmt":"2025-09-24T17:54:46","guid":{"rendered":"https:\/\/leslawyers.desarrollo.itsangee.com\/?page_id=35"},"modified":"2026-03-24T20:21:14","modified_gmt":"2026-03-24T19:21:14","slug":"our-history","status":"publish","type":"page","link":"http:\/\/leslawyers.desarrollo.itsangee.com\/en\/our-history\/","title":{"rendered":"\u00bfQui\u00e9nes somos?"},"content":{"rendered":"<div class=\"brz brz-root__container brz-reset-all brz-root__container-page\" >\n<section id=\"eiDVUrkgNJJy_eiDVUrkgNJJy\" class=\"brz-section brz-css-d-section brz-css-v8et6f\">\n<div class=\"brz-section__content brz-section--boxed brz-css-d-sectionitem-bg brz-css-2lj4kr\" data-brz-custom-id=\"rME4oq1TaQdw\">\n<div class=\"brz-bg\">\n<div class=\"brz-bg-image\"><\/div>\n<div class=\"brz-bg-color\"><\/div>\n<\/div>\n<div class=\"brz-container brz-css-d-sectionitem-container brz-css-12zv5rg\">\n<div id=\"\" data-brz-iteration-count=\"1\" class=\"brz-css-d-wrapper brz-css-5kdbs0 brz-wrapper brz-animated brz-css-d-wrapper-animation-fadeindown-900-0-false brz-css-1i0kwia\" data-animationid=\"cOrwcKuoEQaN\">\n<div class=\"brz-rich-text brz-rich-text__custom brz-css-d-richtext brz-css-1dmbuqy\" data-brz-custom-id=\"fNYWr64Y65Dm\">\n<div data-brz-translate-text=\"1\">\n<h1 class=\"brz-text-lg-center brz-tp-lg-heading1 brz-fs-xs-50 brz-css-bXEZp\" data-uniq-id=\"pu0wP\" data-generated-css=\"brz-css-pB2Pk\"><span class=\"brz-scp-color2 brz-cp-color8\" style=\"color: rgba(var(--brz-global-color8),1); text-shadow: rgba(var(--brz-global-color2),1) 1px 2px 4px;\">Nuestra Historia<\/span><\/h1>\n<\/div>\n<\/div>\n<\/div>\n<div id=\"\" data-brz-iteration-count=\"1\" class=\"brz-css-d-wrapper brz-css-krq2r8 brz-wrapper brz-animated brz-css-d-wrapper-animation-fadeinup-900-0-false brz-css-12e7o79\" data-animationid=\"gv5eaGIQwxOG\">\n<div class=\"brz-rich-text brz-rich-text__custom brz-css-d-richtext brz-css-1gfr43v\" data-brz-custom-id=\"mQFelr9Ss25b\">\n<div data-brz-translate-text=\"1\">\n<p class=\"brz-fsft-lg-0 brz-fwdth-lg-100 brz-vfw-lg-400 brz-lh-lg-1_5 brz-ls-lg-1_1 brz-fw-lg-700 brz-fss-lg-px brz-fs-lg-13 brz-ft-google brz-ff-overpass brz-tp-lg-empty brz-fs-xs-18 brz-text-lg-center brz-css-pRZd9\" data-generated-css=\"brz-css-reQgN\" data-uniq-id=\"y6DVH\"><span class=\"brz-uppercase-true brz-capitalize-on brz-scp-color2 brz-cp-color8\" style=\"text-shadow: rgba(var(--brz-global-color2),1) 1px 2px 4px; color: rgba(var(--brz-global-color8),1);\">Conoce la Trayectoria y Valores de LES<\/span><\/p>\n<\/div>\n<\/div>\n<\/div>\n<\/div>\n<\/div>\n<\/section>\n<section id=\"fdQZjMbtIRwW_fdQZjMbtIRwW\" class=\"brz-section brz-css-d-section brz-css-flu15c\">\n<div class=\"brz-section__content brz-section--boxed brz-css-d-sectionitem-bg brz-css-18cdeyu\" data-brz-custom-id=\"oBh33eLeesgd\">\n<div class=\"brz-bg\">\n<div class=\"brz-bg-color\"><\/div>\n<\/div>\n<div class=\"brz-container brz-css-d-sectionitem-container brz-css-1cy17ln\">\n<div id=\"\" class=\"brz-css-d-wrapper brz-css-1w991t4 brz-wrapper\">\n<div class=\"brz-icon-text brz-css-d-icontext brz-css-lhj12s\" data-brz-custom-id=\"g_peMuPti3ws\">\n<div class=\"brz-icon__container\" data-brz-custom-id=\"lmJDeOCjKD1l\"><span class=\"brz-icon brz-span brz-css-d-icon-icon brz-css-1r3joj\"><svg class=\"brz-icon-svg align-[initial]\"><use href=\"\/wp-content\/plugins\/brizy\/public\/editor-build\/prod\/editor\/icons\/outline\/temple-25.svg#nc_icon\"><\/use><\/svg><\/span><\/div>\n<div class=\"brz-text-btn\">\n<div class=\"brz-rich-text brz-rich-text__custom brz-css-d-richtext brz-css-1olkfe\" data-brz-custom-id=\"mpds9u2z8ujO\">\n<div data-brz-translate-text=\"1\">\n<p class=\"brz-fs-xs-15 brz-mb-lg-10 brz-tp-lg-abovetitle brz-css-rspQS\" data-generated-css=\"brz-css-axyD2\" data-uniq-id=\"ny6gC\"><span class=\"brz-cp-color7\" style=\"color: rgba(var(--brz-global-color7),1);\">NUESTRA HISTORIA<\/span><\/p>\n<h2 class=\"brz-fs-xs-30 brz-tp-lg-heading3 brz-css-no3Qg\" data-generated-css=\"brz-css-cbxZk\" data-uniq-id=\"t8WpZ\"><span class=\"brz-cp-color1\">Experiencia y visi\u00f3n de futuro<\/span><\/h2>\n<\/div>\n<\/div>\n<\/div>\n<\/div>\n<\/div>\n<div class=\"brz-row__container brz-css-d-row-row brz-css-tjooja\" data-brz-custom-id=\"mDnYwBW04GKv\">\n<div class=\"brz-row brz-css-d-row-container brz-css-1ch3shv\">\n<div class=\"brz-columns brz-css-d-column-column brz-css-dgu8c3\" data-brz-custom-id=\"a4Az28i_BKfW\">\n<div class=\"brz-column__items brz-css-d-column-bg brz-css-qh2tol\">\n<div id=\"\" class=\"brz-css-d-wrapper brz-css-e3prmq brz-wrapper\">\n<div class=\"brz-video brz-custom-video brz-video-on-controls-hidden brz-css-d-video brz-css-ykc3ri\" data-brz-custom-id=\"kCcJgiGckzKy\">\n<div class=\"brz-video-content\" data-loop=\"true\" data-muted=\"false\" data-autoplay=\"on\">\n<div class=\"video-wrapper brz-image-fix-9-16\">\n<div class=\"brz-shortcode__placeholder\"><svg class=\"brz-icon-svg align-[initial]\"><use href=\"\/wp-content\/plugins\/brizy\/public\/editor-build\/prod\/editor\/icons\/editor\/play.svg#brz_icon\"><\/use><\/svg><\/div>\n<\/div>\n<div class=\"brz-video-elem\">\n<div class=\"brz-video-custom-video-controls\">\n<div class=\"brz-video-custom-play-pause-btn\"><svg class=\"brz-icon-svg align-[initial] brz-icon-svg brz-video-custom-play\"><use href=\"\/wp-content\/plugins\/brizy\/public\/editor-build\/prod\/editor\/icons\/glyph\/button-play.svg#nc_icon\"><\/use><\/svg><svg class=\"brz-icon-svg align-[initial] brz-hidden brz-icon-svg brz-video-custom-pause\"><use href=\"\/wp-content\/plugins\/brizy\/public\/editor-build\/prod\/editor\/icons\/glyph\/button-pause.svg#nc_icon\"><\/use><\/svg><\/div>\n<div class=\"brz-video-custom-controls\"><span class=\"brz-video-custom-current-time\">0:00<\/span><\/p>\n<div class=\"brz-video-custom-slider\">\n<div class=\"brz-video-custom-progress\"><\/div>\n<\/div>\n<p><span class=\"brz-video-custom-total-time\">0:00<\/span><\/div>\n<div class=\"brz-video-custom-volume\">\n<div class=\"brz-video-custom-fullscreen-btn\"><svg class=\"brz-icon-svg align-[initial] brz-icon-svg brz-video-custom-fullscreen-icon\"><use href=\"\/wp-content\/plugins\/brizy\/public\/editor-build\/prod\/editor\/icons\/glyph\/zoom-e.svg#nc_icon\"><\/use><\/svg><\/div>\n<div class=\"brz-video-custom-volume-btn\"><svg class=\"brz-icon-svg align-[initial] brz-icon-svg brz-video-custom-mute\"><use href=\"\/wp-content\/plugins\/brizy\/public\/editor-build\/prod\/editor\/icons\/glyph\/volume-97.svg#nc_icon\"><\/use><\/svg><svg class=\"brz-icon-svg align-[initial] brz-hidden brz-icon-svg brz-video-custom-unmute\"><use href=\"\/wp-content\/plugins\/brizy\/public\/editor-build\/prod\/editor\/icons\/glyph\/volume-ban.svg#nc_icon\"><\/use><\/svg><\/div>\n<div class=\"brz-video-custom-volume-controls brz-video-custom-slider\">\n<div class=\"brz-video-custom-progress\"><\/div>\n<\/div>\n<\/div>\n<\/div>\n<p><video data-time-start=\"0\" data-time-end=\"0\" class=\"brz-hidden intrinsic-ignore\" preload=\"none\" loop=\"\" muted=\"\" data-autoplay=\"on\" src=\"http:\/\/leslawyers.desarrollo.itsangee.com\/wp-content\/uploads\/2026\/03\/VID-20251016-WA0016-1-1.mp4\" playsinline=\"\" crossorigin=\"anonymous\"><\/video><\/div>\n<\/div>\n<\/div>\n<\/div>\n<\/div>\n<\/div>\n<div class=\"brz-columns brz-css-d-column-column brz-css-1xyt60z\" data-brz-custom-id=\"vG_HIKlYbQZI\">\n<div class=\"brz-column__items brz-css-d-column-bg brz-css-j41zh9\">\n<div id=\"\" class=\"brz-css-d-wrapper brz-css-fosskk brz-wrapper\">\n<div class=\"brz-rich-text brz-rich-text__custom brz-css-d-richtext brz-css-18mm9q4\" data-brz-custom-id=\"dcHU_LDeQx6n\">\n<div data-brz-translate-text=\"1\">\n<p class=\"brz-tp-lg-empty brz-ff-overpass brz-ft-google brz-fs-lg-28 brz-fss-lg-px brz-fw-lg-400 brz-ls-lg-m_1_5 brz-lh-lg-1_4 brz-vfw-lg-400 brz-fwdth-lg-100 brz-fsft-lg-0 brz-text-lg-justify brz-css-zLhoY\" data-generated-css=\"brz-css-lme5b\" data-uniq-id=\"h1WNj\"><span style=\"color: rgba(var(--brz-global-color1),1);\" class=\"brz-cp-color1\">La experiencia adquirida a trav\u00e9s de la atenci\u00f3n de las necesidades de empresas internacionales nos ha permitido operar con los m\u00e1s altos est\u00e1ndares \u00e9ticos y profesionales, con un enfoque integral que incluye la responsabilidad social, el respeto a los derechos humanos y el compromiso con nuestro entorno.<\/span><\/p>\n<\/div>\n<\/div>\n<\/div>\n<\/div>\n<\/div>\n<\/div>\n<\/div>\n<div id=\"\" class=\"brz-css-d-wrapper brz-css-r-wrapper brz-css-1a7obr brz-wrapper\">\n<div class=\"brz-spacer brz-css-d-spacer brz-css-19isn3p\"><\/div>\n<\/div>\n<div class=\"brz-row__container brz-css-d-row-row brz-css-12a3dec\" data-brz-custom-id=\"eDK7sIod0Zct\">\n<div class=\"brz-row brz-css-d-row-container brz-css-r-row-container brz-css-1nptgop\">\n<div class=\"brz-columns brz-css-d-column-column brz-css-1j3qjp7\" data-brz-custom-id=\"r29jQvH2zH9q\">\n<div class=\"brz-column__items brz-css-d-column-bg brz-css-lmakqz\">\n<div id=\"\" class=\"brz-css-d-wrapper brz-css-1wr1key brz-wrapper\">\n<div class=\"brz-line brz-line-default brz-css-d-line brz-css-abkg1q\" data-brz-custom-id=\"dMuraozOhVeF\">\n<hr class=\"brz-hr\"><\/div>\n<\/div>\n<\/div>\n<\/div>\n<div class=\"brz-columns brz-css-d-column-column brz-css-ycpqyc\" data-brz-custom-id=\"oVeE1gp732gH\">\n<div class=\"brz-column__items brz-css-d-column-bg brz-css-1wn0u1h\">\n<div id=\"\" class=\"brz-css-d-wrapper brz-css-1h4pd37 brz-wrapper\">\n<div class=\"brz-line brz-line-default brz-css-d-line brz-css-rhspyz\" data-brz-custom-id=\"fLZfF1OWzjG4\">\n<hr class=\"brz-hr\"><\/div>\n<\/div>\n<\/div>\n<\/div>\n<\/div>\n<\/div>\n<div class=\"brz-row__container brz-css-d-row-row brz-css-vic94z\" data-brz-custom-id=\"scq57LxhGyma\">\n<div class=\"brz-bg\">\n<div class=\"brz-bg-color\"><\/div>\n<\/div>\n<div class=\"brz-row brz-css-d-row-container brz-css-a2lsvy\">\n<div class=\"brz-columns brz-css-d-column-column brz-css-odgk8c\" data-brz-custom-id=\"s0s7vM0y3H69\">\n<div class=\"brz-column__items brz-css-d-column-bg brz-css-94m4x7\">\n<div id=\"\" class=\"brz-css-d-wrapper brz-css-q7imbe brz-wrapper\">\n<div data-brz-trigger=\"hover\" data-brz-transition=\"flip\" class=\"brz-flipbox brz-flipbox-flip brz-flipbox-hover brz-css-d-flipbox brz-css-1qdtzpt\">\n<div class=\"brz-flipbox-content brz-flipbox-content-flip brz-flipbox-content-flip-left brz-flipbox-disable-front\">\n<div class=\"brz-flipbox-item brz-flipbox-item-front\">\n<div class=\"brz-bg\">\n<div class=\"brz-bg-color\"><\/div>\n<\/div>\n<div id=\"\" class=\"brz-css-d-wrapper brz-css-8dpt8p brz-wrapper\">\n<div class=\"brz-rich-text brz-rich-text__custom brz-css-d-richtext brz-css-wu6qzn\" data-brz-custom-id=\"qVjWpKmMdQtF\">\n<div data-brz-translate-text=\"1\">\n<p class=\"brz-text-lg-center brz-fss-lg-px brz-fw-lg-600 brz-ls-lg-0 brz-lh-lg-1_3 brz-vfw-lg-400 brz-fwdth-lg-100 brz-fsft-lg-0 brz-tp-lg-empty brz-ff-overpass brz-ft-google brz-fs-lg-60 brz-css-u2mL4\" data-uniq-id=\"wAkf1\" data-generated-css=\"brz-css-h2tr7\"><span class=\"brz-cp-color7 brz-scp-color2\" style=\"color: rgba(var(--brz-global-color7),1); text-shadow: rgba(var(--brz-global-color2),0.7) 1px 2px 2px;\">Misi\u00f3n<\/span><\/p>\n<\/div>\n<\/div>\n<\/div>\n<\/div>\n<div class=\"brz-flipbox-item brz-flipbox-item-back brz-flipbox-flip-left\">\n<div class=\"brz-bg\">\n<div class=\"brz-bg-color\"><\/div>\n<\/div>\n<div id=\"\" class=\"brz-css-d-wrapper brz-css-yl7t0l brz-wrapper\">\n<div class=\"brz-rich-text brz-rich-text__custom brz-css-d-richtext brz-css-asjjqd\" data-brz-custom-id=\"iVu5kXkRaC8W\">\n<div data-brz-translate-text=\"1\">\n<p class=\"brz-text-lg-center brz-fss-lg-px brz-fw-lg-400 brz-ls-lg-0 brz-lh-lg-1_5 brz-vfw-lg-400 brz-fwdth-lg-100 brz-fsft-lg-0 brz-tp-lg-empty brz-ff-overpass brz-ft-google brz-fs-lg-19 brz-css-rJ7yP\" data-uniq-id=\"x3Y7y\" data-generated-css=\"brz-css-iLSVJ\"><span class=\"brz-cp-color2\" style=\"color: rgba(var(--brz-global-color2),0.7);\">Nuestra misi\u00f3n es ser l\u00edderes en la creaci\u00f3n de soluciones legales eficaces, \u00e9ticas e innovadoras.<\/span><\/p>\n<p class=\"brz-text-lg-center brz-fss-lg-px brz-fw-lg-400 brz-ls-lg-0 brz-lh-lg-1_5 brz-vfw-lg-400 brz-fwdth-lg-100 brz-fsft-lg-0 brz-tp-lg-empty brz-ff-overpass brz-ft-google brz-fs-lg-19 brz-css-zAnZj\" data-uniq-id=\"faIfs\" data-generated-css=\"brz-css-hd248\"><span class=\"brz-cp-color2\" style=\"color: rgba(var(--brz-global-color2),0.7);\">Nuestro compromiso es brindar a nuestros clientes un servicio jur\u00eddico que combine excelencia profesional, especializaci\u00f3n y sensibilidad social para generar resultados concretos y sostenibles.<\/span><\/p>\n<\/div>\n<\/div>\n<\/div>\n<\/div>\n<\/div>\n<\/div>\n<\/div>\n<\/div>\n<\/div>\n<div class=\"brz-columns brz-css-d-column-column brz-css-qck6d9\" data-brz-custom-id=\"fqc8z4CmnpwD\">\n<div class=\"brz-column__items brz-css-d-column-bg brz-css-kat9nk\">\n<div id=\"\" class=\"brz-css-d-wrapper brz-css-fsjcpw brz-wrapper\">\n<div data-brz-trigger=\"hover\" data-brz-transition=\"flip\" class=\"brz-flipbox brz-flipbox-flip brz-flipbox-hover brz-css-d-flipbox brz-css-1bexpna\">\n<div class=\"brz-flipbox-content brz-flipbox-content-flip brz-flipbox-content-flip-left brz-flipbox-disable-front\">\n<div class=\"brz-flipbox-item brz-flipbox-item-front\">\n<div class=\"brz-bg\">\n<div class=\"brz-bg-color\"><\/div>\n<\/div>\n<div id=\"\" class=\"brz-css-d-wrapper brz-css-1lxqa9c brz-wrapper\">\n<div class=\"brz-rich-text brz-rich-text__custom brz-css-d-richtext brz-css-krgep6\" data-brz-custom-id=\"famJqSKjucqF\">\n<div data-brz-translate-text=\"1\">\n<p class=\"brz-text-lg-center brz-fsft-lg-0 brz-fwdth-lg-100 brz-vfw-lg-400 brz-lh-lg-1_3 brz-ls-lg-0 brz-fw-lg-600 brz-fss-lg-px brz-tp-lg-empty brz-ff-overpass brz-ft-google brz-fs-lg-60 brz-css-h3oDW\" data-generated-css=\"brz-css-hW1Dp\" data-uniq-id=\"lrsb5\"><span class=\"brz-cp-color7 brz-scp-color2\" style=\"color: rgba(var(--brz-global-color7),1); text-shadow: rgba(var(--brz-global-color2),0.7) 1px 2px 2px;\">Visi\u00f3n <\/span><\/p>\n<\/div>\n<\/div>\n<\/div>\n<\/div>\n<div class=\"brz-flipbox-item brz-flipbox-item-back brz-flipbox-flip-left\">\n<div class=\"brz-bg\">\n<div class=\"brz-bg-color\"><\/div>\n<\/div>\n<div id=\"\" class=\"brz-css-d-wrapper brz-css-o5t768 brz-wrapper\">\n<div class=\"brz-rich-text brz-rich-text__custom brz-css-d-richtext brz-css-sgntjs\" data-brz-custom-id=\"e8awiHbOsa9P\">\n<div data-brz-translate-text=\"1\">\n<p class=\"brz-text-lg-center brz-fss-lg-px brz-fw-lg-400 brz-ls-lg-0 brz-lh-lg-1_5 brz-vfw-lg-400 brz-fwdth-lg-100 brz-fsft-lg-0 brz-tp-lg-empty brz-ff-overpass brz-ft-google brz-fs-lg-19 brz-css-p8Llh\" data-uniq-id=\"vQJO7\" data-generated-css=\"brz-css-qeYcB\"><span class=\"brz-cp-color2\" style=\"color: rgba(var(--brz-global-color2),0.7);\">Estamos convencidos que el derecho transforma realidades, por eso trabajar con integridad, transparencia y pasi\u00f3n, nos define y nos permite construir relaciones basadas en la confianza y el respeto.<\/span><\/p>\n<\/div>\n<\/div>\n<\/div>\n<\/div>\n<\/div>\n<\/div>\n<\/div>\n<\/div>\n<\/div>\n<div class=\"brz-columns brz-css-d-column-column brz-css-45ficg\" data-brz-custom-id=\"qe5XzccbN2aJ\">\n<div class=\"brz-column__items brz-css-d-column-bg brz-css-19mfdiq\">\n<div id=\"\" class=\"brz-css-d-wrapper brz-css-7li3r3 brz-wrapper\">\n<div data-brz-trigger=\"hover\" data-brz-transition=\"flip\" class=\"brz-flipbox brz-flipbox-flip brz-flipbox-hover brz-css-d-flipbox brz-css-1xtlkm3\">\n<div class=\"brz-flipbox-content brz-flipbox-content-flip brz-flipbox-content-flip-left brz-flipbox-disable-front\">\n<div class=\"brz-flipbox-item brz-flipbox-item-front\">\n<div class=\"brz-bg\">\n<div class=\"brz-bg-color\"><\/div>\n<\/div>\n<div id=\"\" class=\"brz-css-d-wrapper brz-css-z7aukm brz-wrapper\">\n<div class=\"brz-rich-text brz-rich-text__custom brz-css-d-richtext brz-css-1fjcp5a\" data-brz-custom-id=\"nUvW5BFeinX0\">\n<div data-brz-translate-text=\"1\">\n<p class=\"brz-fss-lg-px brz-fw-lg-600 brz-ls-lg-0 brz-lh-lg-1_3 brz-vfw-lg-400 brz-fwdth-lg-100 brz-fsft-lg-0 brz-text-lg-center brz-tp-lg-empty brz-ff-overpass brz-ft-google brz-fs-lg-60 brz-css-o3XzR\" data-uniq-id=\"dm7aB\" data-generated-css=\"brz-css-v3QRI\"><span class=\"brz-cp-color7 brz-scp-color2\" style=\"color: rgba(var(--brz-global-color7),1); text-shadow: rgba(var(--brz-global-color2),0.7) 1px 2px 2px;\">Valores <\/span><\/p>\n<\/div>\n<\/div>\n<\/div>\n<\/div>\n<div class=\"brz-flipbox-item brz-flipbox-item-back brz-flipbox-flip-left\">\n<div class=\"brz-bg\">\n<div class=\"brz-bg-color\"><\/div>\n<\/div>\n<div id=\"\" class=\"brz-css-d-wrapper brz-css-1czb6t8 brz-wrapper\">\n<div class=\"brz-rich-text brz-rich-text__custom brz-css-d-richtext brz-css-x74z2b\" data-brz-custom-id=\"g7YmbhkWZNFh\">\n<div data-brz-translate-text=\"1\">\n<p class=\"brz-fsft-lg-0 brz-fwdth-lg-100 brz-vfw-lg-400 brz-lh-lg-1_5 brz-ls-lg-0 brz-fw-lg-400 brz-fss-lg-px brz-fs-lg-19 brz-ft-google brz-ff-overpass brz-tp-lg-empty brz-bcp-color2 brz-text-lg-center brz-css-b584Q\" data-uniq-id=\"jDZsa\" data-generated-css=\"brz-css-hYSXn\"><span class=\"brz-cp-color2\" style=\"color: rgba(var(--brz-global-color2),0.7);\">INTEGRIDAD   TRANSPARENCIA   PASI\u00d3N CONFIANZA   RESPONSABILIDAD  RESPETO   COMPROMISO   LEALTAD  TRASCENDENCIA   EFICIENCIA  EXCELENCIA   PROFESIONALISMO  INTEGRIDAD   CONFIDENCIALIDAD  EMPAT\u00cdA   AGILIDAD   ESPECIALIZACI\u00d3N<\/span><\/p>\n<\/div>\n<\/div>\n<\/div>\n<\/div>\n<\/div>\n<\/div>\n<\/div>\n<\/div>\n<\/div>\n<\/div>\n<\/div>\n<div id=\"\" class=\"brz-css-d-wrapper brz-css-r-wrapper brz-css-1nq14zb brz-wrapper\">\n<div class=\"brz-spacer brz-css-d-spacer brz-css-1krks35\"><\/div>\n<\/div>\n<\/div>\n<\/div>\n<\/section><\/div>\n<p><!-- version:1774380074 --><\/p>\n","protected":false},"excerpt":{"rendered":"<p>Nuestra Historia Conoce la Trayectoria y Valores de LES NUESTRA HISTORIA Experiencia y visi\u00f3n de futuro 0:00 0:00 La experiencia adquirida a trav\u00e9s de la atenci\u00f3n de las necesidades de empresas internacionales nos ha permitido operar con los m\u00e1s altos est\u00e1ndares \u00e9ticos y profesionales, con un enfoque integral que incluye la responsabilidad social, el respeto [&hellip;]<\/p>\n","protected":false},"author":1,"featured_media":0,"parent":0,"menu_order":0,"comment_status":"closed","ping_status":"closed","template":"brizy-blank-template.php","meta":{"footnotes":""},"class_list":["post-35","page","type-page","status-publish","hentry"],"blocksy_meta":[],"brizy_media":[{"id":27,"url":"http:\/\/leslawyers.desarrollo.itsangee.com\/wp-content\/uploads\/2025\/09\/LES-logo.png","name":"LES-logo.png","meta":{"brizy_attachment_uid":"wp-29975a4cc4cea87b236b6ee0f34081c5.png","brizy_post_uid":["55981d8c8caf395f12a2270ce36996fa","df43335ebf000773e71ac731e717613d"]}},{"id":33,"url":"http:\/\/leslawyers.desarrollo.itsangee.com\/wp-content\/uploads\/2025\/09\/fondo-1.webp","name":"fondo-1.webp","meta":{"brizy_attachment_uid":"wp-c0934d8c1526444f30bc9b4c38ed34f6.webp","brizy_post_uid":["55981d8c8caf395f12a2270ce36996fa","df43335ebf000773e71ac731e717613d"]}},{"id":38,"url":"http:\/\/leslawyers.desarrollo.itsangee.com\/wp-content\/uploads\/2025\/09\/c84fc30339b9ebbf50c40d0f43b3570d.jpg","name":"c84fc30339b9ebbf50c40d0f43b3570d.jpg","meta":{"brizy_attachment_uid":"c84fc30339b9ebbf50c40d0f43b3570d.jpg","brizy_post_uid":["c9ee08ad9c96ba5f53239340c08d2404","df43335ebf000773e71ac731e717613d"]}},{"id":39,"url":"http:\/\/leslawyers.desarrollo.itsangee.com\/wp-content\/uploads\/2025\/09\/cad6497dd250ffde1ec9863f6399580c.jpg","name":"cad6497dd250ffde1ec9863f6399580c.jpg","meta":{"brizy_attachment_uid":"cad6497dd250ffde1ec9863f6399580c.jpg","brizy_post_uid":["c9ee08ad9c96ba5f53239340c08d2404","df43335ebf000773e71ac731e717613d"]}},{"id":40,"url":"http:\/\/leslawyers.desarrollo.itsangee.com\/wp-content\/uploads\/2025\/09\/8710c1371feb0caa65edb9ab0bb42f8a.jpg","name":"8710c1371feb0caa65edb9ab0bb42f8a.jpg","meta":{"brizy_attachment_uid":"8710c1371feb0caa65edb9ab0bb42f8a.jpg","brizy_post_uid":["c9ee08ad9c96ba5f53239340c08d2404","df43335ebf000773e71ac731e717613d"]}},{"id":41,"url":"http:\/\/leslawyers.desarrollo.itsangee.com\/wp-content\/uploads\/2025\/09\/06e2dc54ce0213a55ca9c68af8f148d6.jpg","name":"06e2dc54ce0213a55ca9c68af8f148d6.jpg","meta":{"brizy_attachment_uid":"06e2dc54ce0213a55ca9c68af8f148d6.jpg","brizy_post_uid":["c9ee08ad9c96ba5f53239340c08d2404","df43335ebf000773e71ac731e717613d"]}},{"id":305,"url":"http:\/\/leslawyers.desarrollo.itsangee.com\/wp-content\/uploads\/2025\/09\/persona-5.webp","name":"persona-5.webp","meta":{"brizy_attachment_uid":"wp-f01017f8e5e0c9fdea4761a5e566873a.webp","brizy_post_uid":["c9ee08ad9c96ba5f53239340c08d2404","df43335ebf000773e71ac731e717613d"]}},{"id":517,"url":"http:\/\/leslawyers.desarrollo.itsangee.com\/wp-content\/uploads\/2025\/11\/c0a9424-editar-140637-O.webp","name":"c0a9424-editar-140637-O.webp","meta":{"brizy_attachment_uid":"wp-e97498f207a9d0a3f05169671d428a67.webp","brizy_post_uid":["df43335ebf000773e71ac731e717613d","c9ee08ad9c96ba5f53239340c08d2404"]}},{"id":518,"url":"http:\/\/leslawyers.desarrollo.itsangee.com\/wp-content\/uploads\/2025\/11\/c0a9453-editar-140637-O.webp","name":"c0a9453-editar-140637-O.webp","meta":{"brizy_attachment_uid":"wp-1c3f81de91139b5e00e092375eeba601.webp","brizy_post_uid":["df43335ebf000773e71ac731e717613d","c9ee08ad9c96ba5f53239340c08d2404"]}},{"id":519,"url":"http:\/\/leslawyers.desarrollo.itsangee.com\/wp-content\/uploads\/2025\/11\/c0a9484-editar-140637-O.webp","name":"c0a9484-editar-140637-O.webp","meta":{"brizy_attachment_uid":"wp-01c5f78fa6a67ed8a228d05bfdc72b88.webp","brizy_post_uid":["df43335ebf000773e71ac731e717613d","c9ee08ad9c96ba5f53239340c08d2404"]}},{"id":520,"url":"http:\/\/leslawyers.desarrollo.itsangee.com\/wp-content\/uploads\/2025\/11\/c0a9533-editar-140637-O.webp","name":"c0a9533-editar-140637-O.webp","meta":{"brizy_attachment_uid":"wp-1243ad7cfefb25d1f4d5da41489d99e4.webp","brizy_post_uid":["df43335ebf000773e71ac731e717613d","c9ee08ad9c96ba5f53239340c08d2404"]}},{"id":524,"url":"http:\/\/leslawyers.desarrollo.itsangee.com\/wp-content\/uploads\/2025\/11\/c0a9433-editar-140637-O.webp","name":"c0a9433-editar-140637-O.webp","meta":{"brizy_attachment_uid":"wp-c026c6db98029573162a4a86b3458e8e.webp","brizy_post_uid":["df43335ebf000773e71ac731e717613d","c9ee08ad9c96ba5f53239340c08d2404"]}},{"id":527,"url":"http:\/\/leslawyers.desarrollo.itsangee.com\/wp-content\/uploads\/2025\/11\/c0a9463-editar-140637-O.webp","name":"c0a9463-editar-140637-O.webp","meta":{"brizy_attachment_uid":"wp-15a6c138ce206b1d4f4a8b7894e06904.webp","brizy_post_uid":["df43335ebf000773e71ac731e717613d"]}},{"id":530,"url":"http:\/\/leslawyers.desarrollo.itsangee.com\/wp-content\/uploads\/2025\/11\/c0a9473-editar-140637-O.webp","name":"c0a9473-editar-140637-O.webp","meta":{"brizy_attachment_uid":"wp-badcaa475cf9cd501d98db11c00073d9.webp","brizy_post_uid":["df43335ebf000773e71ac731e717613d","c9ee08ad9c96ba5f53239340c08d2404"]}},{"id":533,"url":"http:\/\/leslawyers.desarrollo.itsangee.com\/wp-content\/uploads\/2025\/11\/c0a9500-editar-140637-O.webp","name":"c0a9500-editar-140637-O.webp","meta":{"brizy_attachment_uid":"wp-c22d552949a91f2b00ca588b923c5ed8.webp","brizy_post_uid":["df43335ebf000773e71ac731e717613d"]}},{"id":537,"url":"http:\/\/leslawyers.desarrollo.itsangee.com\/wp-content\/uploads\/2025\/11\/c0a9562-editar-140637-O.webp","name":"c0a9562-editar-140637-O.webp","meta":{"brizy_attachment_uid":"wp-2652da9dd15e2ac487a85fc877677b33.webp","brizy_post_uid":["c9ee08ad9c96ba5f53239340c08d2404","df43335ebf000773e71ac731e717613d"]}}],"_links":{"self":[{"href":"http:\/\/leslawyers.desarrollo.itsangee.com\/en\/wp-json\/wp\/v2\/pages\/35","targetHints":{"allow":["GET"]}}],"collection":[{"href":"http:\/\/leslawyers.desarrollo.itsangee.com\/en\/wp-json\/wp\/v2\/pages"}],"about":[{"href":"http:\/\/leslawyers.desarrollo.itsangee.com\/en\/wp-json\/wp\/v2\/types\/page"}],"author":[{"embeddable":true,"href":"http:\/\/leslawyers.desarrollo.itsangee.com\/en\/wp-json\/wp\/v2\/users\/1"}],"replies":[{"embeddable":true,"href":"http:\/\/leslawyers.desarrollo.itsangee.com\/en\/wp-json\/wp\/v2\/comments?post=35"}],"version-history":[{"count":30,"href":"http:\/\/leslawyers.desarrollo.itsangee.com\/en\/wp-json\/wp\/v2\/pages\/35\/revisions"}],"predecessor-version":[{"id":903,"href":"http:\/\/leslawyers.desarrollo.itsangee.com\/en\/wp-json\/wp\/v2\/pages\/35\/revisions\/903"}],"wp:attachment":[{"href":"http:\/\/leslawyers.desarrollo.itsangee.com\/en\/wp-json\/wp\/v2\/media?parent=35"}],"curies":[{"name":"wp","href":"https:\/\/api.w.org\/{rel}","templated":true}]}}